{"id":35,"date":"2025-04-09T15:02:32","date_gmt":"2025-04-09T13:02:32","guid":{"rendered":"https:\/\/aivet.pbf.hr\/?page_id=35"},"modified":"2025-04-14T15:00:58","modified_gmt":"2025-04-14T13:00:58","slug":"project-team","status":"publish","type":"page","link":"https:\/\/aivet.pbf.hr\/index.php\/project-team\/","title":{"rendered":"Project team"},"content":{"rendered":"<p class=\"has-medium-font-size\"><strong><em>Coordinator:<\/em><\/strong><\/p>\n<p class=\"has-medium-font-size\"><strong><a href=\"http:\/\/www.unizg.hr\/homepage\" target=\"_blank\" rel=\"noreferrer noopener\">University of Zagreb<\/a><\/strong>, Zagreb, Croatia<br \/>\n<a href=\"http:\/\/www.pbf.unizg.hr\/en\/\" target=\"_blank\" rel=\"noreferrer noopener\">Faculty of Food Technology and Biotechnology<\/a><\/p>\n<p class=\"has-medium-font-size\"><strong><em>Partners:<\/em><\/strong><\/p>\n<p class=\"has-medium-font-size\"><strong><a href=\"http:\/\/sim.org.mk\/\" target=\"_blank\" rel=\"noreferrer noopener\">The Union of Researchers of Macedonia, SIM-Skopje<\/a><\/strong>, Skopje, North Macedonia<\/p>\n<p class=\"has-medium-font-size\"><strong><a href=\"https:\/\/www.tsrb.hr\/\" target=\"_blank\" rel=\"noreferrer noopener\">Technical school Ru\u0111er Bo\u0161kovi\u0107<\/a><\/strong>, Zagreb, Croatia<\/p>\n","protected":false},"excerpt":{"rendered":"<p>Coordinator: University of Zagreb, Zagreb, Croatia Faculty of Food Technology  [&#8230;]<\/p>\n","protected":false},"author":1,"featured_media":0,"parent":0,"menu_order":0,"comment_status":"closed","ping_status":"closed","template":"","meta":{"om_disable_all_campaigns":false,"_monsterinsights_skip_tracking":false,"_monsterinsights_sitenote_active":false,"_monsterinsights_sitenote_note":"","_monsterinsights_sitenote_category":0,"footnotes":""},"class_list":["post-35","page","type-page","status-publish","hentry"],"yoast_head":"<!-- This site is optimized with the Yoast SEO plugin v25.1 - https:\/\/yoast.com\/wordpress\/plugins\/seo\/ -->\n<title>Project team - AIVET<\/title>\n<meta name=\"robots\" content=\"index, follow, max-snippet:-1, max-image-preview:large, max-video-preview:-1\" \/>\n<link rel=\"canonical\" href=\"https:\/\/aivet.pbf.hr\/index.php\/project-team\/\" \/>\n<meta property=\"og:locale\" content=\"hr_HR\" \/>\n<meta property=\"og:type\" content=\"article\" \/>\n<meta property=\"og:title\" content=\"Project team - AIVET\" \/>\n<meta property=\"og:description\" content=\"Coordinator: University of Zagreb, Zagreb, Croatia Faculty of Food Technology [...]\" \/>\n<meta property=\"og:url\" content=\"https:\/\/aivet.pbf.hr\/index.php\/project-team\/\" \/>\n<meta property=\"og:site_name\" content=\"AIVET\" \/>\n<meta property=\"article:publisher\" content=\"https:\/\/www.facebook.com\/people\/AI-tools-for-teaching-and-learning-in-VET\/61574010595781\/\" \/>\n<meta property=\"article:modified_time\" content=\"2025-04-14T13:00:58+00:00\" \/>\n<meta name=\"twitter:card\" content=\"summary_large_image\" \/>\n<script type=\"application\/ld+json\" class=\"yoast-schema-graph\">{\"@context\":\"https:\/\/schema.org\",\"@graph\":[{\"@type\":\"WebPage\",\"@id\":\"https:\/\/aivet.pbf.hr\/index.php\/project-team\/\",\"url\":\"https:\/\/aivet.pbf.hr\/index.php\/project-team\/\",\"name\":\"Project team - AIVET\",\"isPartOf\":{\"@id\":\"https:\/\/aivet.pbf.hr\/#website\"},\"datePublished\":\"2025-04-09T13:02:32+00:00\",\"dateModified\":\"2025-04-14T13:00:58+00:00\",\"breadcrumb\":{\"@id\":\"https:\/\/aivet.pbf.hr\/index.php\/project-team\/#breadcrumb\"},\"inLanguage\":\"hr\",\"potentialAction\":[{\"@type\":\"ReadAction\",\"target\":[\"https:\/\/aivet.pbf.hr\/index.php\/project-team\/\"]}]},{\"@type\":\"BreadcrumbList\",\"@id\":\"https:\/\/aivet.pbf.hr\/index.php\/project-team\/#breadcrumb\",\"itemListElement\":[{\"@type\":\"ListItem\",\"position\":1,\"name\":\"Po\u010detna stranica\",\"item\":\"https:\/\/aivet.pbf.hr\/\"},{\"@type\":\"ListItem\",\"position\":2,\"name\":\"Project team\"}]},{\"@type\":\"WebSite\",\"@id\":\"https:\/\/aivet.pbf.hr\/#website\",\"url\":\"https:\/\/aivet.pbf.hr\/\",\"name\":\"AIVET\",\"description\":\"\",\"publisher\":{\"@id\":\"https:\/\/aivet.pbf.hr\/#organization\"},\"potentialAction\":[{\"@type\":\"SearchAction\",\"target\":{\"@type\":\"EntryPoint\",\"urlTemplate\":\"https:\/\/aivet.pbf.hr\/?s={search_term_string}\"},\"query-input\":{\"@type\":\"PropertyValueSpecification\",\"valueRequired\":true,\"valueName\":\"search_term_string\"}}],\"inLanguage\":\"hr\"},{\"@type\":\"Organization\",\"@id\":\"https:\/\/aivet.pbf.hr\/#organization\",\"name\":\"AIVET\",\"url\":\"https:\/\/aivet.pbf.hr\/\",\"logo\":{\"@type\":\"ImageObject\",\"inLanguage\":\"hr\",\"@id\":\"https:\/\/aivet.pbf.hr\/#\/schema\/logo\/image\/\",\"url\":\"https:\/\/aivet.pbf.hr\/wp-content\/uploads\/2025\/04\/aivet_logo.png\",\"contentUrl\":\"https:\/\/aivet.pbf.hr\/wp-content\/uploads\/2025\/04\/aivet_logo.png\",\"width\":467,\"height\":464,\"caption\":\"AIVET\"},\"image\":{\"@id\":\"https:\/\/aivet.pbf.hr\/#\/schema\/logo\/image\/\"},\"sameAs\":[\"https:\/\/www.facebook.com\/people\/AI-tools-for-teaching-and-learning-in-VET\/61574010595781\/\"]}]}<\/script>\n<!-- \/ Yoast SEO plugin. -->","yoast_head_json":{"title":"Project team - AIVET","robots":{"index":"index","follow":"follow","max-snippet":"max-snippet:-1","max-image-preview":"max-image-preview:large","max-video-preview":"max-video-preview:-1"},"canonical":"https:\/\/aivet.pbf.hr\/index.php\/project-team\/","og_locale":"hr_HR","og_type":"article","og_title":"Project team - AIVET","og_description":"Coordinator: University of Zagreb, Zagreb, Croatia Faculty of Food Technology [...]","og_url":"https:\/\/aivet.pbf.hr\/index.php\/project-team\/","og_site_name":"AIVET","article_publisher":"https:\/\/www.facebook.com\/people\/AI-tools-for-teaching-and-learning-in-VET\/61574010595781\/","article_modified_time":"2025-04-14T13:00:58+00:00","twitter_card":"summary_large_image","schema":{"@context":"https:\/\/schema.org","@graph":[{"@type":"WebPage","@id":"https:\/\/aivet.pbf.hr\/index.php\/project-team\/","url":"https:\/\/aivet.pbf.hr\/index.php\/project-team\/","name":"Project team - AIVET","isPartOf":{"@id":"https:\/\/aivet.pbf.hr\/#website"},"datePublished":"2025-04-09T13:02:32+00:00","dateModified":"2025-04-14T13:00:58+00:00","breadcrumb":{"@id":"https:\/\/aivet.pbf.hr\/index.php\/project-team\/#breadcrumb"},"inLanguage":"hr","potentialAction":[{"@type":"ReadAction","target":["https:\/\/aivet.pbf.hr\/index.php\/project-team\/"]}]},{"@type":"BreadcrumbList","@id":"https:\/\/aivet.pbf.hr\/index.php\/project-team\/#breadcrumb","itemListElement":[{"@type":"ListItem","position":1,"name":"Po\u010detna stranica","item":"https:\/\/aivet.pbf.hr\/"},{"@type":"ListItem","position":2,"name":"Project team"}]},{"@type":"WebSite","@id":"https:\/\/aivet.pbf.hr\/#website","url":"https:\/\/aivet.pbf.hr\/","name":"AIVET","description":"","publisher":{"@id":"https:\/\/aivet.pbf.hr\/#organization"},"potentialAction":[{"@type":"SearchAction","target":{"@type":"EntryPoint","urlTemplate":"https:\/\/aivet.pbf.hr\/?s={search_term_string}"},"query-input":{"@type":"PropertyValueSpecification","valueRequired":true,"valueName":"search_term_string"}}],"inLanguage":"hr"},{"@type":"Organization","@id":"https:\/\/aivet.pbf.hr\/#organization","name":"AIVET","url":"https:\/\/aivet.pbf.hr\/","logo":{"@type":"ImageObject","inLanguage":"hr","@id":"https:\/\/aivet.pbf.hr\/#\/schema\/logo\/image\/","url":"https:\/\/aivet.pbf.hr\/wp-content\/uploads\/2025\/04\/aivet_logo.png","contentUrl":"https:\/\/aivet.pbf.hr\/wp-content\/uploads\/2025\/04\/aivet_logo.png","width":467,"height":464,"caption":"AIVET"},"image":{"@id":"https:\/\/aivet.pbf.hr\/#\/schema\/logo\/image\/"},"sameAs":["https:\/\/www.facebook.com\/people\/AI-tools-for-teaching-and-learning-in-VET\/61574010595781\/"]}]}},"_links":{"self":[{"href":"https:\/\/aivet.pbf.hr\/index.php\/wp-json\/wp\/v2\/pages\/35","targetHints":{"allow":["GET"]}}],"collection":[{"href":"https:\/\/aivet.pbf.hr\/index.php\/wp-json\/wp\/v2\/pages"}],"about":[{"href":"https:\/\/aivet.pbf.hr\/index.php\/wp-json\/wp\/v2\/types\/page"}],"author":[{"embeddable":true,"href":"https:\/\/aivet.pbf.hr\/index.php\/wp-json\/wp\/v2\/users\/1"}],"replies":[{"embeddable":true,"href":"https:\/\/aivet.pbf.hr\/index.php\/wp-json\/wp\/v2\/comments?post=35"}],"version-history":[{"count":7,"href":"https:\/\/aivet.pbf.hr\/index.php\/wp-json\/wp\/v2\/pages\/35\/revisions"}],"predecessor-version":[{"id":67,"href":"https:\/\/aivet.pbf.hr\/index.php\/wp-json\/wp\/v2\/pages\/35\/revisions\/67"}],"wp:attachment":[{"href":"https:\/\/aivet.pbf.hr\/index.php\/wp-json\/wp\/v2\/media?parent=35"}],"curies":[{"name":"wp","href":"https:\/\/api.w.org\/{rel}","templated":true}]}}